{"id":151,"date":"2026-04-11T13:48:00","date_gmt":"2026-04-11T13:48:00","guid":{"rendered":"https:\/\/bidaya.space\/?page_id=151"},"modified":"2026-04-11T13:48:00","modified_gmt":"2026-04-11T13:48:00","slug":"basic-needs","status":"publish","type":"page","link":"https:\/\/bidaya.space\/es-es\/basic-needs\/","title":{"rendered":"Basic Needs"},"content":{"rendered":"\n<p class=\"has-base-color has-text-color has-link-color wp-elements-0a6021b5220199c9b2901151fd6c489c\">&#8211;<strong><mark style=\"background-color:rgba(0, 0, 0, 0)\" class=\"has-inline-color has-secondary-color\">Food Support<\/mark><\/strong><br>If you need food assistance, these organizations can help: Cruz Roja Espa\u00f1a Provides meals, food distribution, and humanitarian support. <\/p>\n\n\n\n<p class=\"has-base-color has-text-color has-link-color wp-elements-094969b9570bc883b03068c9bac1d16e\"><mark style=\"background-color:rgba(0, 0, 0, 0)\" class=\"has-inline-color has-secondary-color\">C\u00e1ritas Espa\u00f1a<br><\/mark>Offers free meals and food assistance for people in need.<br><mark style=\"background-color:rgba(0, 0, 0, 0)\" class=\"has-inline-color has-secondary-color\">Accem<br><\/mark>Provides food support along with housing and social guidance.<br><mark style=\"background-color:rgba(0, 0, 0, 0)\" class=\"has-inline-color has-secondary-color\">ONG Rescate<br><\/mark>Offers food assistance and basic support.<\/p>\n\n\n\n<p class=\"has-base-color has-text-color has-link-color wp-elements-4b4728142499588fe9db05affb49eccb\">&#8211;<strong><mark style=\"background-color:rgba(0, 0, 0, 0)\" class=\"has-inline-color has-secondary-color\">Water<\/mark><\/strong><br>In most areas in Spain, tap water is safe to drink.<br>Organizations like CEAR and other NGOs may also provide water support when needed.<\/p>\n\n\n\n<ul class=\"wp-block-list\">\n<li class=\"has-base-color has-text-color has-link-color wp-elements-cc67decf7c409cd457661a54072458d1\"><strong><mark style=\"background-color:rgba(0, 0, 0, 0)\" class=\"has-inline-color has-secondary-color\">Medical Support<\/mark><\/strong><br>Sistema Nacional de Salud (SNS)<br>Provides access to public healthcare services.<br>Cruz Roja Espa\u00f1a<br>Offers basic medical assistance and emergency support.<br>M\u00e9dicos del Mundo (Doctors of the World Spain)<br>Provides free medical care, medications, and support for vulnerable migrants.<br>CEAR (Comisi\u00f3n Espa\u00f1ola de Ayuda al Refugiado)<br>Offers healthcare access, psychological support, and assistance through reception programs.<br>Accem<br>Provides health support services and helps migrants access the public healthcare system.<br>Caritas Espa\u00f1a<br>Supports vulnerable individuals with healthcare assistance and may help cover medical needs. -Work Opportunities<br>If you are looking for a job, these platforms and organizations can help:<br>SEPE \u2013 Public employment services<br>InfoJobs \u2013 Online job platform<\/li>\n<\/ul>\n\n\n\n<p class=\"has-base-color has-text-color has-link-color wp-elements-e394c63aee0c679c4753d9bef3423aa3\">Valencia Acoge&amp; C\u00f3rdoba Acoge<br>help immigrants and refugees find jobs and provide guidance for work integration<br>ACCEM<br>Provides job support, training, and integration programs.<br>Pueblos Unidos<br>Offers employment guidance and support.<br>Red \u00cdncola<br>Supports migrants with job opportunities and social inclusion.<br>Madrid For Refugees (MFR)<br>Provides training programs and helps refugees access the job market.<br>INPAVI (Integraci\u00f3n para la Vida)<br>Offers training and support for employment.<br>Open Cultural Center<br>Provides educational and professional development programs.<br>SenValos NGDO<br>Offers career guidance and support.<br>Conexi\u00f3n C.P.<br>Supports job readiness and employment opportunities.<br>CEAR<br>Provides employment support and helps refugees access the labor market.<br>Red Acoge<br>Works on improving employability and access to jobs.<br>Cruz Roja Espa\u00f1ola<br>Offers job training and employment programs.<br>La Merced Migraciones<br>Provides employment projects and integration support.<\/p>\n\n\n\n<p class=\"has-base-color has-text-color has-link-color wp-elements-77683af1a714fc496bb42deaeb16414d\">&#8211;<strong><mark style=\"background-color:rgba(0, 0, 0, 0)\" class=\"has-inline-color has-secondary-color\">Accommodation (Housing Support)<\/mark><\/strong><br>If you need help finding a place to stay, these organizations can support you:<br>ACNUR (UNHCR)<br>Provides protection and may guide refugees to housing support services.<br>CEAR<br>Offers housing programs and temporary accommodation for refugees and asylum seekers.<br>La Merced Migraciones<br>Provides housing assistance and integration support.<br>INPAVI (Integraci\u00f3n para la Vida)<br>Supports migrants with accommodation and social integration.<\/p>\n\n\n\n<p class=\"has-base-color has-text-color has-link-color wp-elements-ea19a0afaff8e622450e22b79e639375\">\ud83d\udea8 <strong><mark style=\"background-color:rgba(0, 0, 0, 0)\" class=\"has-inline-color has-secondary-color\">Emergency &amp; Important Numbers in Spain<br>Police<\/mark><\/strong><br>112 \u2013 General Emergency Number<br>091 \u2013 National Police<br>092 \u2013 Local Police<br>062 \u2013 Guardia Civil (rural areas &amp; highways)<\/p>\n\n\n\n<p class=\"has-base-color has-text-color has-link-color wp-elements-5d011916e3c9741a6417e1448ca6598b\">Medical Emergency<br>061 \u2013 Medical emergency services<br>Or call 112<\/p>\n\n\n\n<p class=\"has-base-color has-text-color has-link-color wp-elements-b7234a3fd2a19779e3f44bf2cf821a22\">Fire Brigade<br>080 \u2013 Firefighters<br>Or call 112<\/p>\n\n\n\n<p class=\"has-base-color has-text-color has-link-color wp-elements-304644aa8a2911b7d4f21e2127e165ac\">Important Support Lines<br>Gender Violence Support<br>016 \u2013 Free and confidential helpline<\/p>\n\n\n\n<p class=\"has-base-color has-text-color has-link-color wp-elements-2235c8e077b767e979ba7b21d98e65e5\">Mental Health Support<br>024 \u2013 Emotional support line \/ suicide prevention<\/p>\n\n\n\n<p class=\"has-base-color has-text-color has-link-color wp-elements-b90d37f67d8a1ebcfbf3e5b084b49408\">Child Support<br>116 111 \u2013 Child helpline<br>116 000 \u2013 Missing children<\/p>\n","protected":false},"excerpt":{"rendered":"<p>&#8211;Food SupportIf you need food assistance, these organizations can help: Cruz Roja Espa\u00f1a Provides meals, food distribution, and humanitarian support. C\u00e1ritas Espa\u00f1aOffers free meals and food assistance for people in need.AccemProvides food support along with housing and social guidance.ONG RescateOffers food assistance and basic support. &#8211;WaterIn most areas in Spain, tap water is safe to [&hellip;]<\/p>\n","protected":false},"author":1,"featured_media":0,"parent":0,"menu_order":0,"comment_status":"closed","ping_status":"closed","template":"","meta":{"_monsterinsights_skip_tracking":false,"_monsterinsights_sitenote_active":false,"_monsterinsights_sitenote_note":"","_monsterinsights_sitenote_category":0,"footnotes":""},"class_list":["post-151","page","type-page","status-publish","hentry"],"aioseo_notices":[],"_links":{"self":[{"href":"https:\/\/bidaya.space\/es-es\/wp-json\/wp\/v2\/pages\/151","targetHints":{"allow":["GET"]}}],"collection":[{"href":"https:\/\/bidaya.space\/es-es\/wp-json\/wp\/v2\/pages"}],"about":[{"href":"https:\/\/bidaya.space\/es-es\/wp-json\/wp\/v2\/types\/page"}],"author":[{"embeddable":true,"href":"https:\/\/bidaya.space\/es-es\/wp-json\/wp\/v2\/users\/1"}],"replies":[{"embeddable":true,"href":"https:\/\/bidaya.space\/es-es\/wp-json\/wp\/v2\/comments?post=151"}],"version-history":[{"count":1,"href":"https:\/\/bidaya.space\/es-es\/wp-json\/wp\/v2\/pages\/151\/revisions"}],"predecessor-version":[{"id":152,"href":"https:\/\/bidaya.space\/es-es\/wp-json\/wp\/v2\/pages\/151\/revisions\/152"}],"wp:attachment":[{"href":"https:\/\/bidaya.space\/es-es\/wp-json\/wp\/v2\/media?parent=151"}],"curies":[{"name":"wp","href":"https:\/\/api.w.org\/{rel}","templated":true}]}}